{"id":3310,"date":"2014-02-26T15:14:47","date_gmt":"2014-02-26T20:14:47","guid":{"rendered":"http:\/\/www.webdesign.jessica-lily.com\/elisewitt\/?page_id=40"},"modified":"2019-08-19T16:58:18","modified_gmt":"2019-08-19T20:58:18","slug":"elises-resume","status":"publish","type":"page","link":"https:\/\/elisewitt.com\/web\/about-elise-witt\/elises-resume\/","title":{"rendered":"Elise Witt&#8217;s Resume"},"content":{"rendered":"<p style=\"text-align: center;\"><a href=\"http:\/\/elisewitt.com\/web\/wp-content\/uploads\/2017\/03\/Elise-Witt-CV-2017.pdf\">&gt; Download PDF : Elise&#8217;s Resume<\/a><\/p>\n<h2 style=\"text-align: center;\">SINGER \u2022 COMPOSER \u2022 EDUCATOR<br \/>\nRECORDING ARTIST \u2022 COMMUNITY ACTIVIST<\/h2>\n<p style=\"text-align: center;\">P.O. Box 148 \u2022 Pine Lake GA 30072 \u2022 (404) 297-8398 \u2022 elisemwitt@gmail.com \u2022 www.EliseWitt.com<\/p>\n<p><strong>EDUCATION &amp; TRAINING<\/strong><br \/>\n\u2022 Born 1953 in Bern, Switzerland<br \/>\n\u2022 B.A. in French, University of North Carolina at Chapel Hill, 1976<br \/>\n\u2022 Dipl\u00f4me de Fran\u00e7ais, Universit\u00e9 de Lyon, 1972<br \/>\n\u2022 Professional development in vocal improvisation, world music, and vocal production: <a href=\"http:\/\/www.BobbyMcFerrin.com\">Bobby McFerrin<\/a>, <a href=\"http:\/\/www.YMBarnwell.com\">Dr. Ysaye Barnwell<\/a>, <a href=\"http:\/\/www.RhiannonMusic.com\">Rhiannon<\/a>, <a href=\"http:\/\/daviddarling.com\">David Darling<\/a>, <a href=\"http:\/\/www.rivbea.com\/\">Sam Rivers<\/a>, <a href=\"http:\/\/www.fredomusic.com\/index.html\">Dr. Fred Onovwerosuoke<\/a>, <a href=\"http:\/\/www.BarbaraMcAfee.com\">Barbara McAfee<\/a><\/p>\n<p><strong>LANGUAGES<\/strong><br \/>\n<em>Fluent<\/em> \u2022 German \u2022 French \u2022 Italian \u2022 Spanish \u2022 English<br \/>\n<em>For Singing<\/em> \u2022 Kiswahili, \u2022 Kikongo \u2022 Japanese \u2022 Greek \u2022 Russian \u2022 Hebrew \u2022 Portuguese \u2022 Arabic \u2022 Sign<\/p>\n<p><strong>INSTRUMENTS<\/strong><br \/>\n\u2022 Voice (main) \u2022 Guitar (accompaniment) \u2022 Piano &amp; Kalimba (composing &amp; accompaniment)<\/p>\n<p><strong>PERFORMANCE<\/strong><br \/>\n<strong>Representative U.S. performance venues<\/strong><br \/>\n\u2022 Lincoln Center \u2022 Vanderbilt University \u2022 Carnegie Hall \u2022 Cambridge Multicultural Center \u2022 Kennedy Center \u2022 NC Museum of Art \u2022 Habitat for Humanity \u2022 Martin Luther King Jr. Center for Nonviolent Social Change \u2022 Mabel Dodge Luhan Arts Center \u2022 Strathmore Center \u2022 Lake Eden Arts Festival \u2022 Clearwater Hudson River Revival \u2022 Falcon Ridge Festival \u2022 Emory University \u2022 Rialto Center for the Arts \u2022 Savannah Music Festival \u2022 Georgia Folk Festival \u2022 ROOTS Fest \u2022 Eddie\u2019s Attic \u2022 Bluebird Cafe \u2022 Passim \u2022 Folkway \u2022 LEAF Lake Eden Arts Festival<br \/>\n<strong>International Tours<\/strong><br \/>\n\u2022 South Africa \u2022 Italy \u2022 Nicaragua \u2022 Switzerland \u2022 China \u2022 Bosnia<\/p>\n<p><strong>HONORS, DISTINCTIONS &amp; AWARDS<\/strong><br \/>\n\u2022 Recipient, Music Composer Award, National League of American Pen Women, 2017<br \/>\n\u2022 Recipient, William L. Womack Creative Arts Award, 2015<br \/>\n\u2022 Fellow, Hambidge Center for the Creative Arts &amp; Sciences \u2013 2002-present<br \/>\n\u2022 Fellow, Atlantic Center for the Arts with jazz composer Sam Rivers, 2006<br \/>\n\u2022 Best of Atlanta, Critics\u2019 Pick, Creative Loafing Atlanta<br \/>\n\u2022 Representative for the State of Georgia at the Kennedy Center\u2019s 25th Anniversary<br \/>\n\u2022 International Cultural Ambassador: South Africa, Italy, Nicaragua, Switzerland, China, Bosnia<br \/>\n\u2022 Artistic Assistance Grants from Alternate ROOTS\/Ford Foundation &#8211; 2004, 2006, 2008, 2012, 2016<br \/>\n\u2022 Artistic Director, Sing &amp; Swing Week, The Swannanoa Gathering \u2013 2000-2007<br \/>\n\u2022 Keynote Speaker: Massachusetts Childcare Conference; Save the Children Foundation National Meeting<br \/>\n\u2022 Keynote Speaker: East Tennessee State University Conference on Early Childhood Education<br \/>\n\u2022 Panelist: Southern Arts Federation, Mid-Atlantic Arts Consortium, Georgia Council for the Arts, City of Atlanta Bureau of Cultural Affairs, Fulton County Arts Council, Alternate ROOTS<\/p>\n<p><strong>TEACHING &amp; COMMUNITY OUTREACH<\/strong><br \/>\n\u2022 Music Director, Global Village Project, Decatur GA (mid. school for teenage refugee girls) 2009-present<br \/>\n\u2022 Teaching Artist &#8211; Elementary, Middle &amp; High Schools, Colleges, Universities, Arts Councils &#8211; 1988-present<br \/>\n\u2022 Workshop Leader at Festivals, Conferences, Universities, Arts Camps \u20131977-present<br \/>\n\u2022 Vocal Teacher for professional singers, artists in other disciplines, and community groups &#8211; 1977-present<\/p>\n<p><strong>CHORAL &amp; SYMPHONIC<\/strong><br \/>\n\u2022 Composer &#8211; Elise Witt Choral Series, Arrangements by Michael Holmes<br \/>\n\u2022 Guest Clinician\/Director\/Composer &#8211; choruses &amp; choirs nationwide<br \/>\n\u2022 Atlanta Symphony Orchestra Chorus &amp; Chamber Chorus &#8211; Robert Shaw, conductor, 1980-2000<br \/>\n\u2022 Robert Shaw Chamber Singers: Resident Choir &#8211; Spivey Hall, Carnegie Hall, 1980-2000<br \/>\n\u2022 Carolina Choir &#8211; Tour of Austria\/Yugoslavia \u2013 Lara Hoggard, conductor 1971-75<\/p>\n<p><strong>RECORDINGS<\/strong><br \/>\n<strong>Solo Recordings<\/strong><br \/>\n\u2022 We\u2019re All BORN SINGING \u2022 Valise \u2022 Love Being Here \u2022 Open the Window \u2022 Mezzanine<br \/>\n<strong>Recordings with Elise Witt &amp; Small Family Orchestra<\/strong><br \/>\n\u2022 The Premiere Album \u2022 Having a Great Time \u2022 Live at WREK \u2022 Holding On \u2022 Farewell Concert<br \/>\n<strong>Recordings with other artists<\/strong><br \/>\n\u2022 Fields of War and Peace \/ Campos de Guerra y Paz (Mauricio Amaya)<br \/>\n\u2022 Harmonies from the Hill (Highlander Center 75th Anniversary) \u2022 The Big Silly (Eric Litwin) \u2022 Every Burden Shall Be Rolled Away (The Divas) \u2022 Food for the Long Haul (Jesse Palidofsky) \u2022 Natural Rhythms (Terry Garthwaite &amp; Becky Reardon)<\/p>\n<p><strong>FILMS<\/strong> (Documentaries about Elise Witt, and Elise Witt music used in films)<br \/>\n\u2022 203 Days (2007 CINE Golden Eagle Award) by Bailey Barash<br \/>\n\u2022 One Night at the Rialto by David Zeiger<br \/>\n\u2022 Who\u2019s That Stranger by George King<br \/>\n\u2022 Notes From Nicaragua by George King<br \/>\n\u2022 Walk in Peace by Jubilee Partners<br \/>\n\u2022 Waiting Children by Carol Burch Brown<\/p>\n<p><strong>PUBLICATIONS<\/strong> (Articles by and articles about Elise Witt)<br \/>\n\u2022 All Singing: The Elise Witt Songbook, 58 original songs arranged for solo and ensemble singing, 2019<\/p>\n<p>\u2022 Connections (publication of Music for People, the improvisers\u2019 network) 2016<br \/>\n\u2022 Public (international journal of higher education community engagement) 2015<br \/>\n\u2022 High Performance Magazine (national publication of innovative community art making)<br \/>\n\u2022 Pass It On! (national publication for arts education)<\/p>\n<p><strong>ROSTER ARTIST<\/strong><br \/>\n\u2022 National Endowment for the Arts: Alternate ROOTS Tour Program<br \/>\n<strong>\u2022 State Arts Councils:<\/strong><br \/>\n\u2022 Georgia Council for the Arts<br \/>\n\u2022 Tennessee Arts Commission<br \/>\n\u2022 South Carolina Arts Commission<br \/>\n\u2022 North Carolina Arts Council<br \/>\n\u2022 Alabama State Council on the Arts<br \/>\n\u2022 Florida Division of Cultural Affairs<br \/>\n\u2022 Local arts agencies across the US and abroad<\/p>\n<p><strong>PROFESSIONAL AFFILIATIONS<\/strong><br \/>\n\u2022 American Federation of Musicians \u2013 <a href=\"https:\/\/www.local1000.org\/\">Local 1000<\/a><br \/>\n\u2022 <a href=\"http:\/\/www.AlternateROOTS.org\">Alternate ROOTS<\/a> (Southeast US coalition of artists working at the intersection of arts and activism)<br \/>\n\u2022 <a href=\"https:\/\/www.ascap.com\/\">ASCAP<\/a> (American Society of Composers, Authors &amp; Publishers)<br \/>\n\u2022 <a href=\"http:\/\/www.musicforpeople.org\/wp\/\">Music for People<\/a> (international improvisers\u2019 network)<br \/>\n\u2022 <a href=\"https:\/\/childrensmusic.org\/\">Children\u2019s Music Network<\/a> (national consortium of artist\/educators)<br \/>\n\u2022 <a href=\"https:\/\/www.highlandercenter.org\/\">Highlander Research and Education Center<\/a><\/p>\n<p><strong>ARTISTIC COLLABORATIONS &amp; MULTI-MEDIA PROJECTS<\/strong><br \/>\n\u2022 Composer\/Arranger: &#8220;Mujeres al Filo del Agua\/Women at Water&#8217;s Edge w\/Mujeres en Ritual &amp; Dora Areola, Miroslava Wilson &amp; Celeste Miller, Tijuana Mexico 2019<\/p>\n<p>\u2022 Composer\/Director: Space is the New Place (multi-media, multi-disciplinary STEAM performance project) Drew Charter School, Atlanta GA 2017, 2018<br \/>\n\u2022 Composer\/Performer: <a href=\"http:\/\/carolburchbrown.com\/GalleryMain.asp?GalleryID=145096&amp;AKey=23L3LTE3\">Marsh Suite<\/a> (Inter-media collaboration) Martinsville VA, 2017<br \/>\n\u2022 <a href=\"http:\/\/elisewitt.com\/web\/elise-witt-terry-garthwaite-and-becky-reardon\/\">Natural Rhythms<\/a>: Performance Trio w\/ Becky Reardon &amp; Terry Garthwaite 2010-present<br \/>\n\u2022 Presenter, <a href=\"http:\/\/www.cucalorus.org\/\">Cucalorus Film Festival<\/a>, Wilmington NC 2016<br \/>\n\u2022 Director, One Voice Community Chorus for ROOTSFest, Baltimore MD, 2011 w\/Dr. Fred Onovwerosuoke (African Musical Arts), Darryl Moch (Charm City Labor Chorus), Tony Winston (Payne Memorial AME Church)<br \/>\n\u2022 Composer\/Performer: <a href=\"http:\/\/carolburchbrown.com\/GalleryMain.asp?GalleryID=65262&amp;AKey=23L3LTE3\">Singing Darwin<\/a> (24 hr. multi-media performance) Blacksburg VA 2009<br \/>\n\u2022 SOAW School of the Americas Watch, Musicians Collective 2008-2015<br \/>\n\u2022 Five Women from the South (commissioned by New Orleans Contemporary Arts Center) w\/ Paula Larke, Linda Parris-Bailey, Jo Carson, Celeste Miller<br \/>\n\u2022 Solo Theatrical Performances directed by Celeste Miller Trilogy: The Time of Cherries, Earbone, The Girl with the Loose Llama<br \/>\n\u2022 Hair Hands &amp; Feet w\/rhythm dancer Ann Kilkelly &amp; cross cultural percussionist Beverly Botsford<br \/>\n\u2022 Founding Member: Theatrical Outfit, experimental theater company, Atlanta GA 1977-1980<\/p>\n","protected":false},"excerpt":{"rendered":"<p>&gt; Download PDF : Elise&#8217;s Resume SINGER \u2022 COMPOSER \u2022 EDUCATOR RECORDING ARTIST \u2022 COMMUNITY ACTIVIST P.O. Box 148 \u2022 Pine Lake GA 30072 \u2022 (404) 297-8398 \u2022 elisemwitt@gmail.com \u2022 &#8230; <a href=\"https:\/\/elisewitt.com\/web\/about-elise-witt\/elises-resume\/\" class=\"more-link\">Read More <span class=\"screen-reader-text\">about  Elise Witt&#8217;s Resume<\/span><\/a><\/p>\n","protected":false},"author":2,"featured_media":0,"parent":3242,"menu_order":6,"comment_status":"open","ping_status":"open","template":"","meta":{"_uag_custom_page_level_css":"","_genesis_hide_title":false,"_genesis_hide_breadcrumbs":false,"_genesis_hide_singular_image":false,"_genesis_hide_footer_widgets":false,"_genesis_custom_body_class":"","_genesis_custom_post_class":"","_genesis_layout":"","footnotes":""},"class_list":["post-3310","page","type-page","status-publish","entry"],"uagb_featured_image_src":{"full":false,"thumbnail":false,"medium":false,"medium_large":false,"large":false,"1536x1536":false,"2048x2048":false,"square-entry-image":false,"vertical-entry-image":false,"horizontal-entry-image":false,"mailpoet_newsletter_max":false,"woocommerce_thumbnail":false,"woocommerce_single":false,"woocommerce_gallery_thumbnail":false},"uagb_author_info":{"display_name":"Jessica Lily","author_link":"https:\/\/elisewitt.com\/web\/author\/jessica\/"},"uagb_comment_info":0,"uagb_excerpt":"&gt; Download PDF : Elise&#8217;s Resume SINGER \u2022 COMPOSER \u2022 EDUCATOR RECORDING ARTIST \u2022 COMMUNITY ACTIVIST P.O. Box 148 \u2022 Pine Lake GA 30072 \u2022 (404) 297-8398 \u2022 elisemwitt@gmail.com \u2022 ... Read More about Elise Witt&#8217;s Resume","_links":{"self":[{"href":"https:\/\/elisewitt.com\/web\/wp-json\/wp\/v2\/pages\/3310","targetHints":{"allow":["GET"]}}],"collection":[{"href":"https:\/\/elisewitt.com\/web\/wp-json\/wp\/v2\/pages"}],"about":[{"href":"https:\/\/elisewitt.com\/web\/wp-json\/wp\/v2\/types\/page"}],"author":[{"embeddable":true,"href":"https:\/\/elisewitt.com\/web\/wp-json\/wp\/v2\/users\/2"}],"replies":[{"embeddable":true,"href":"https:\/\/elisewitt.com\/web\/wp-json\/wp\/v2\/comments?post=3310"}],"version-history":[{"count":0,"href":"https:\/\/elisewitt.com\/web\/wp-json\/wp\/v2\/pages\/3310\/revisions"}],"up":[{"embeddable":true,"href":"https:\/\/elisewitt.com\/web\/wp-json\/wp\/v2\/pages\/3242"}],"wp:attachment":[{"href":"https:\/\/elisewitt.com\/web\/wp-json\/wp\/v2\/media?parent=3310"}],"curies":[{"name":"wp","href":"https:\/\/api.w.org\/{rel}","templated":true}]}}